{"id":208,"date":"2017-06-09T10:33:36","date_gmt":"2017-06-09T10:33:36","guid":{"rendered":"http:\/\/www.ns.spinlabs.deib.polimi.it\/?page_id=208"},"modified":"2017-06-30T08:50:16","modified_gmt":"2017-06-30T08:50:16","slug":"elenco","status":"publish","type":"page","link":"https:\/\/www.ns.spinlabs.deib.polimi.it\/en\/collaborations\/elenco\/","title":{"rendered":"Elenco Partner and Logo"},"content":{"rendered":"<blockquote class=\"alignleft\"><p>&nbsp;<\/p>\n<p><a href=\"http:\/\/www.ns.spinlabs.deib.polimi.it\/wp-content\/uploads\/2017\/06\/zaragoza.png\"><img loading=\"lazy\" decoding=\"async\" class=\"size-thumbnail wp-image-350 alignnone\" src=\"http:\/\/www.ns.spinlabs.deib.polimi.it\/wp-content\/uploads\/2017\/06\/zaragoza-150x150.png\" alt=\"\" width=\"150\" height=\"150\" srcset=\"https:\/\/www.ns.spinlabs.deib.polimi.it\/wp-content\/uploads\/2017\/06\/zaragoza-150x150.png 150w, https:\/\/www.ns.spinlabs.deib.polimi.it\/wp-content\/uploads\/2017\/06\/zaragoza-300x300.png 300w, https:\/\/www.ns.spinlabs.deib.polimi.it\/wp-content\/uploads\/2017\/06\/zaragoza-100x100.png 100w, https:\/\/www.ns.spinlabs.deib.polimi.it\/wp-content\/uploads\/2017\/06\/zaragoza.png 679w\" sizes=\"auto, (max-width: 150px) 100vw, 150px\" \/><\/a><\/p><\/blockquote>\n<p>&nbsp;<\/p>\n<p><a href=\"https:\/\/bsicos.unizar.es\/\">Biomedical Signal Interpretation &amp; Computational Simulation (BSICoS) Group.<\/a><br \/>\nDepartamento de Ingenier\u00eda Electr\u00f3nica y Comunicaciones<br \/>\nUniversity of Zaragoza<br \/>\nSpain<\/p>\n<p>&nbsp;<\/p>\n<hr \/>\n<blockquote class=\"alignleft\"><p><a href=\"http:\/\/www.ns.spinlabs.deib.polimi.it\/wp-content\/uploads\/2017\/06\/Logo_Politecnico_di_Milano-1.png\"><img loading=\"lazy\" decoding=\"async\" class=\"wp-image-354 alignnone\" src=\"http:\/\/www.ns.spinlabs.deib.polimi.it\/wp-content\/uploads\/2017\/06\/Logo_Politecnico_di_Milano-1.png\" alt=\"\" width=\"208\" height=\"91\" srcset=\"https:\/\/www.ns.spinlabs.deib.polimi.it\/wp-content\/uploads\/2017\/06\/Logo_Politecnico_di_Milano-1.png 440w, https:\/\/www.ns.spinlabs.deib.polimi.it\/wp-content\/uploads\/2017\/06\/Logo_Politecnico_di_Milano-1-300x131.png 300w\" sizes=\"auto, (max-width: 208px) 100vw, 208px\" \/><\/a><\/p><\/blockquote>\n<p>Fondazione IRCCS Ca Granda Ospedale Maggiore Policlinico<br \/>\nU.O.C. di Malattie Cardiovascolari,<br \/>\nUniversit\u00e0 degli Studi di Milano,<br \/>\nDipartimento di Scienze Cliniche e di Comunit\u00e0<br \/>\nMilan, Italy<\/p>\n<hr \/>\n<blockquote class=\"alignleft\"><p><a href=\"http:\/\/www.ns.spinlabs.deib.polimi.it\/wp-content\/uploads\/2017\/06\/universit-tor-vergata-di-roma2-e1497340904285.jpg\"><img loading=\"lazy\" decoding=\"async\" class=\"alignnone size-full wp-image-394\" src=\"http:\/\/www.ns.spinlabs.deib.polimi.it\/wp-content\/uploads\/2017\/06\/universit-tor-vergata-di-roma2-e1497340904285.jpg\" alt=\"\" width=\"150\" height=\"128\" \/><\/a><\/p><\/blockquote>\n<p><a href=\"http:\/\/web.uniroma2.it\/\">Universit\u00e0 degli Studi di Roma &#8220;Tor Vergata&#8221;<\/a><\/p>\n<p>&nbsp;<\/p>\n<p>&nbsp;<\/p>\n<p>&nbsp;<\/p>\n<hr \/>\n<blockquote class=\"alignleft\"><p><a href=\"http:\/\/www.ns.spinlabs.deib.polimi.it\/wp-content\/uploads\/2017\/06\/Universita-di-Pisa.jpg\"><img loading=\"lazy\" decoding=\"async\" class=\"alignnone wp-image-395 size-full\" src=\"http:\/\/www.ns.spinlabs.deib.polimi.it\/wp-content\/uploads\/2017\/06\/Universita-di-Pisa-e1497341130485.jpg\" alt=\"\" width=\"150\" height=\"136\" \/><\/a><\/p><\/blockquote>\n<p><a href=\"https:\/\/www.unipi.it\/\">Universita&#8217; di Pisa<\/a><\/p>\n<p>&nbsp;<\/p>\n<p>&nbsp;<\/p>\n<p>&nbsp;<\/p>\n<hr \/>\n<blockquote class=\"alignleft\"><p><a href=\"http:\/\/www.ns.spinlabs.deib.polimi.it\/wp-content\/uploads\/2017\/06\/Massachusetts-general-Hospital-e1497341284593.jpg\"><img loading=\"lazy\" decoding=\"async\" class=\"alignnone size-full wp-image-396\" src=\"http:\/\/www.ns.spinlabs.deib.polimi.it\/wp-content\/uploads\/2017\/06\/Massachusetts-general-Hospital-e1497341284593.jpg\" alt=\"\" width=\"150\" height=\"46\" \/><\/a><\/p><\/blockquote>\n<p>Dept of Anesthesia, Critical Care and Pain Medicine &#8211;\u00a0<a href=\"http:\/\/www.massgeneral.org\/\">Massachusetts general Hospital<\/a><\/p>\n<p>&nbsp;<\/p>\n<hr \/>\n<blockquote class=\"alignleft\"><p><a href=\"http:\/\/www.ns.spinlabs.deib.polimi.it\/wp-content\/uploads\/2017\/06\/Massachusetts-technology.png\"><img loading=\"lazy\" decoding=\"async\" class=\"alignnone size-thumbnail wp-image-398\" src=\"http:\/\/www.ns.spinlabs.deib.polimi.it\/wp-content\/uploads\/2017\/06\/Massachusetts-technology-150x150.png\" alt=\"\" width=\"150\" height=\"150\" srcset=\"https:\/\/www.ns.spinlabs.deib.polimi.it\/wp-content\/uploads\/2017\/06\/Massachusetts-technology-150x150.png 150w, https:\/\/www.ns.spinlabs.deib.polimi.it\/wp-content\/uploads\/2017\/06\/Massachusetts-technology-300x300.png 300w, https:\/\/www.ns.spinlabs.deib.polimi.it\/wp-content\/uploads\/2017\/06\/Massachusetts-technology-768x765.png 768w, https:\/\/www.ns.spinlabs.deib.polimi.it\/wp-content\/uploads\/2017\/06\/Massachusetts-technology-1024x1021.png 1024w, https:\/\/www.ns.spinlabs.deib.polimi.it\/wp-content\/uploads\/2017\/06\/Massachusetts-technology-100x100.png 100w, https:\/\/www.ns.spinlabs.deib.polimi.it\/wp-content\/uploads\/2017\/06\/Massachusetts-technology.png 1200w\" sizes=\"auto, (max-width: 150px) 100vw, 150px\" \/><\/a><\/p><\/blockquote>\n<p>Dept of Brain and Cognitive Sciences &#8211;\u00a0<a href=\"http:\/\/web.mit.edu\/\">Massachusetts Institute of Technology<\/a><\/p>\n","protected":false},"excerpt":{"rendered":"<p>&nbsp; &nbsp; Biomedical Signal Interpretation &amp; Computational Simulation (BSICoS) Group. Departamento de Ingenier\u00eda Electr\u00f3nica y Comunicaciones University of Zaragoza Spain &nbsp; Fondazione IRCCS Ca Granda Ospedale Maggiore Policlinico U.O.C. di Malattie Cardiovascolari, Universit\u00e0 degli Studi di Milano, Dipartimento di Scienze Cliniche e di Comunit\u00e0 Milan, Italy Universit\u00e0 degli Studi di Roma &#8220;Tor Vergata&#8221; &nbsp; &nbsp; &hellip; <\/p>\n<p class=\"link-more\"><a href=\"https:\/\/www.ns.spinlabs.deib.polimi.it\/en\/collaborations\/elenco\/\" class=\"more-link\">Continue reading<span class=\"screen-reader-text\"> &#8220;Elenco Partner and Logo&#8221;<\/span><\/a><\/p>\n","protected":false},"author":2,"featured_media":0,"parent":46,"menu_order":2,"comment_status":"closed","ping_status":"closed","template":"","meta":{"footnotes":""},"class_list":["post-208","page","type-page","status-publish","hentry"],"_links":{"self":[{"href":"https:\/\/www.ns.spinlabs.deib.polimi.it\/en\/wp-json\/wp\/v2\/pages\/208","targetHints":{"allow":["GET"]}}],"collection":[{"href":"https:\/\/www.ns.spinlabs.deib.polimi.it\/en\/wp-json\/wp\/v2\/pages"}],"about":[{"href":"https:\/\/www.ns.spinlabs.deib.polimi.it\/en\/wp-json\/wp\/v2\/types\/page"}],"author":[{"embeddable":true,"href":"https:\/\/www.ns.spinlabs.deib.polimi.it\/en\/wp-json\/wp\/v2\/users\/2"}],"replies":[{"embeddable":true,"href":"https:\/\/www.ns.spinlabs.deib.polimi.it\/en\/wp-json\/wp\/v2\/comments?post=208"}],"version-history":[{"count":19,"href":"https:\/\/www.ns.spinlabs.deib.polimi.it\/en\/wp-json\/wp\/v2\/pages\/208\/revisions"}],"predecessor-version":[{"id":520,"href":"https:\/\/www.ns.spinlabs.deib.polimi.it\/en\/wp-json\/wp\/v2\/pages\/208\/revisions\/520"}],"up":[{"embeddable":true,"href":"https:\/\/www.ns.spinlabs.deib.polimi.it\/en\/wp-json\/wp\/v2\/pages\/46"}],"wp:attachment":[{"href":"https:\/\/www.ns.spinlabs.deib.polimi.it\/en\/wp-json\/wp\/v2\/media?parent=208"}],"curies":[{"name":"wp","href":"https:\/\/api.w.org\/{rel}","templated":true}]}}